{"id":5437,"date":"2012-08-07T11:02:03","date_gmt":"2012-08-07T09:32:03","guid":{"rendered":"http:\/\/kmjk.se\/?page_id=5437"},"modified":"2016-09-06T05:22:35","modified_gmt":"2016-09-06T03:52:35","slug":"vanliga-fragor","status":"publish","type":"page","link":"http:\/\/kmjk.se\/?page_id=5437","title":{"rendered":"Vanliga fr\u00e5gor"},"content":{"rendered":"<p><strong>Vad kostar det att bes\u00f6ka er anl\u00e4ggning?<\/strong><br \/>\nDet \u00e4r gratis att bes\u00f6ka oss under v\u00e5ra \u00f6ppettider.<br \/>\nOm ni \u00e4r ett st\u00f6rre s\u00e4llskap som \u00f6nska bes\u00f6ka oss, \u00e4r ni v\u00e4lkomna att ge ett bidrag till f\u00f6reningen. <\/p>\n<p><strong>Hur l\u00e5ng tid beh\u00f6ver man hos er f\u00f6r att se allt?<\/strong><br \/>\nV\u00e5r anl\u00e4ggning \u00e4r stor och har mycket fina detaljer att se p\u00e5.<br \/>\nVi rekommenderar att om du bes\u00f6ker oss under en byggkv\u00e4ll\/byggl\u00f6rdag s\u00e5 planera in ett bes\u00f6k p\u00e5 1\u00bd-2 timmar hos oss.<br \/>\nVill du bes\u00f6ka oss under en k\u00f6rning rekommenderar vi ett bes\u00f6k p\u00e5 2\u00bd-3 timmar f\u00f6r att f\u00e5 ut det mesta av det b\u00e4sta.<\/p>\n<p><strong>F\u00f6r vilken \u00e5lder passar ett bes\u00f6k hos b\u00e4st?<\/strong><br \/>\nDet finns massor att titta p\u00e5 f\u00f6r alla \u00e5ldrar, men vi rekommenderar att barn b\u00f6r vara fr\u00e5n 5 \u00e5r f\u00f6r att kunna f\u00e5 en rolig upplevelse hos oss.<br \/>\nD\u00e5 v\u00e5r anl\u00e4ggning \u00e4r en bra bit fr\u00e5n golvet s\u00e5 kan det bli sv\u00e5rt f\u00f6r sm\u00e5barn att se.<br \/>\nVi hj\u00e4lper till i s\u00e5 stor utstr\u00e4ckning som m\u00f6jligt genom att l\u00e5na ut pallar som dem kan st\u00e5 p\u00e5 f\u00f6r att komma upp i en bra h\u00f6jd f\u00f6r kunna se.<\/p>\n<p><strong>Kan man ta sig fram med rullstol?<\/strong><br \/>\nJa, kontaktar oss g\u00e4rna innan bes\u00f6ket d\u00e5 vi har en liten trapp ner till v\u00e5r lokal och tyv\u00e4rr ingen ramp.<br \/>\nKontakta ni oss innan bes\u00f6ket, kan vi hj\u00e4lpa till med eventuella lyft.<\/p>\n<p><strong>Parkering<\/strong><br \/>\nVi har inga egna parkeringsplatser och ibland kan det bli fullt p\u00e5 gatan utanf\u00f6r oss.<br \/>\nSka ni ha en parkeringsplats kom i god tid d\u00e5 man ibland kan beh\u00f6va leta lite efter en plats om det \u00e4r mycket folk.<br \/>\nDet \u00e4r avgiftsfritt att st\u00e5 parkerad p\u00e5 gatan, skulle man v\u00e4lja st\u00e5 p\u00e5 sjukhusparkeringen 250 meter fr\u00e5n v\u00e5r lokal s\u00e5 kostar det pengar.<\/p>\n<p><strong>Hiss och Toa<\/strong><br \/>\nHela v\u00e5r anl\u00e4ggning ligger i en k\u00e4llarlokal och \u00e4r p\u00e5 1 plan.<br \/>\nToalett finns, dock ej sk\u00f6trum. <\/p>\n<p><strong>\u00c4r det till\u00e5tet att fotografera\/filma hos er?<\/strong><br \/>\nJa, det \u00e4r till\u00e5tet att b\u00e5de fotografera och att filma hos oss.<br \/>\n\u00c4r det i kommersiellt eller reklam syfte var v\u00e4nligen kontakta oss f\u00f6rst. <\/p>\n<p><strong>F\u00e5r jag vidr\u00f6ra eller lyfta upp n\u00e5got fr\u00e5n anl\u00e4ggningen?<\/strong><br \/>\nNej, d\u00e5 m\u00e5nga delar av v\u00e5r anl\u00e4ggning \u00e4r k\u00e4nslig eller best\u00e5r av sm\u00e5 delar.<br \/>\nSkulle n\u00e5got ha g\u00e5tt s\u00f6nder eller ligga fel, kontakta n\u00e5gon av f\u00f6reningens medlemmar.<br \/>\nT\u00e4nk g\u00e4rna p\u00e5 att inte h\u00e4nga in \u00f6ver anl\u00e4ggningen, risken f\u00f6r skador p\u00e5 anl\u00e4ggningen \u00e4r d\u00e5 stor.<\/p>\n<p><strong>Kan man fika hos er?<\/strong><br \/>\nKlockan 15:00 brukar det alltid serveras kaffe och macka hos oss, \u00e4ven om du inte \u00e4r medlem hos oss \u00e4r du v\u00e4lkommen att vara med.<br \/>\nDet kostar 20 kronor och alla pengar tillfaller f\u00f6reningen. Vi har inget ordentligt fik utan hos oss brer man sig en egen macka. <\/p>\n","protected":false},"excerpt":{"rendered":"<div class=\"mh-excerpt\"><p>Vad kostar det att bes\u00f6ka er anl\u00e4ggning? Det \u00e4r gratis att bes\u00f6ka oss under v\u00e5ra \u00f6ppettider. Om ni \u00e4r ett st\u00f6rre s\u00e4llskap som \u00f6nska bes\u00f6ka oss, \u00e4r ni v\u00e4lkomna att ge ett bidrag till f\u00f6reningen. Hur l\u00e5ng tid beh\u00f6ver man hos er f\u00f6r att se allt? V\u00e5r anl\u00e4ggning \u00e4r stor och har mycket fina detaljer att se p\u00e5. Vi rekommenderar att om du bes\u00f6ker oss under en byggkv\u00e4ll\/byggl\u00f6rdag s\u00e5 planera in ett bes\u00f6k p\u00e5 1\u00bd-2 timmar hos oss. Vill du bes\u00f6ka oss under en k\u00f6rning rekommenderar vi ett bes\u00f6k p\u00e5 2\u00bd-3 timmar f\u00f6r att f\u00e5 ut det mesta av det b\u00e4sta. F\u00f6r vilken \u00e5lder passar ett bes\u00f6k hos b\u00e4st? Det finns massor att titta p\u00e5 f\u00f6r alla \u00e5ldrar, men vi rekommenderar att barn b\u00f6r vara fr\u00e5n 5 \u00e5r f\u00f6r att kunna f\u00e5 en rolig upplevelse hos oss. D\u00e5 v\u00e5r anl\u00e4ggning \u00e4r en bra bit fr\u00e5n golvet s\u00e5 kan det bli sv\u00e5rt f\u00f6r sm\u00e5barn att se. Vi hj\u00e4lper till i s\u00e5 stor utstr\u00e4ckning som m\u00f6jligt genom att l\u00e5na ut pallar som dem kan st\u00e5 p\u00e5 f\u00f6r att komma upp i en bra h\u00f6jd f\u00f6r kunna se. Kan man ta sig fram med rullstol? Ja, kontaktar oss g\u00e4rna innan bes\u00f6ket d\u00e5 vi har en liten trapp ner till v\u00e5r lokal och tyv\u00e4rr ingen ramp. Kontakta ni oss innan bes\u00f6ket, kan vi hj\u00e4lpa till med eventuella lyft. Parkering Vi har inga egna parkeringsplatser och ibland kan det bli fullt p\u00e5 gatan utanf\u00f6r oss. Ska ni ha en parkeringsplats kom i god tid d\u00e5 man ibland kan beh\u00f6va leta lite efter en plats om det \u00e4r mycket folk. Det \u00e4r avgiftsfritt att st\u00e5 parkerad p\u00e5 gatan, skulle man v\u00e4lja st\u00e5 p\u00e5 sjukhusparkeringen 250 meter fr\u00e5n v\u00e5r lokal s\u00e5 kostar det pengar. Hiss och Toa Hela v\u00e5r anl\u00e4ggning ligger i en k\u00e4llarlokal och \u00e4r p\u00e5 1 plan. Toalett finns, dock ej sk\u00f6trum. \u00c4r det till\u00e5tet att fotografera\/filma hos er? Ja, det \u00e4r till\u00e5tet att b\u00e5de fotografera och att filma hos oss. \u00c4r det i kommersiellt eller reklam syfte var v\u00e4nligen kontakta oss f\u00f6rst. F\u00e5r jag vidr\u00f6ra eller lyfta upp n\u00e5got fr\u00e5n anl\u00e4ggningen? Nej, d\u00e5 m\u00e5nga delar av v\u00e5r anl\u00e4ggning \u00e4r k\u00e4nslig eller best\u00e5r av sm\u00e5 delar. Skulle n\u00e5got ha g\u00e5tt s\u00f6nder eller ligga fel, kontakta n\u00e5gon av f\u00f6reningens medlemmar. T\u00e4nk g\u00e4rna p\u00e5 att inte h\u00e4nga in \u00f6ver anl\u00e4ggningen, risken f\u00f6r skador p\u00e5 anl\u00e4ggningen \u00e4r d\u00e5 stor. Kan man fika hos er? Klockan 15:00 brukar det alltid serveras kaffe och macka hos oss, \u00e4ven om du inte \u00e4r medlem hos oss \u00e4r du v\u00e4lkommen att vara med. Det kostar 20 kronor och alla pengar tillfaller f\u00f6reningen. Vi har inget ordentligt fik utan hos oss brer man sig en egen macka.<\/p>\n<\/div>","protected":false},"author":1,"featured_media":0,"parent":4680,"menu_order":0,"comment_status":"closed","ping_status":"closed","template":"template-full.php","meta":{"_uag_custom_page_level_css":"","ngg_post_thumbnail":0,"footnotes":""},"class_list":["post-5437","page","type-page","status-publish","hentry"],"uagb_featured_image_src":{"full":false,"thumbnail":false,"medium":false,"medium_large":false,"large":false,"1536x1536":false,"2048x2048":false,"mh-magazine-lite-slider":false,"mh-magazine-lite-content":false,"mh-magazine-lite-large":false,"mh-magazine-lite-medium":false,"mh-magazine-lite-small":false},"uagb_author_info":{"display_name":"Webmaster KMJK","author_link":"http:\/\/kmjk.se\/?author=1"},"uagb_comment_info":0,"uagb_excerpt":"Vad kostar det att bes\u00f6ka er anl\u00e4ggning? Det \u00e4r gratis att bes\u00f6ka oss under v\u00e5ra \u00f6ppettider. Om ni \u00e4r ett st\u00f6rre s\u00e4llskap som \u00f6nska bes\u00f6ka oss, \u00e4r ni v\u00e4lkomna att ge ett bidrag till f\u00f6reningen. Hur l\u00e5ng tid beh\u00f6ver man hos er f\u00f6r att se allt? V\u00e5r anl\u00e4ggning \u00e4r stor och har mycket fina detaljer&hellip;","_links":{"self":[{"href":"http:\/\/kmjk.se\/index.php?rest_route=\/wp\/v2\/pages\/5437","targetHints":{"allow":["GET"]}}],"collection":[{"href":"http:\/\/kmjk.se\/index.php?rest_route=\/wp\/v2\/pages"}],"about":[{"href":"http:\/\/kmjk.se\/index.php?rest_route=\/wp\/v2\/types\/page"}],"author":[{"embeddable":true,"href":"http:\/\/kmjk.se\/index.php?rest_route=\/wp\/v2\/users\/1"}],"replies":[{"embeddable":true,"href":"http:\/\/kmjk.se\/index.php?rest_route=%2Fwp%2Fv2%2Fcomments&post=5437"}],"version-history":[{"count":1,"href":"http:\/\/kmjk.se\/index.php?rest_route=\/wp\/v2\/pages\/5437\/revisions"}],"predecessor-version":[{"id":7025,"href":"http:\/\/kmjk.se\/index.php?rest_route=\/wp\/v2\/pages\/5437\/revisions\/7025"}],"up":[{"embeddable":true,"href":"http:\/\/kmjk.se\/index.php?rest_route=\/wp\/v2\/pages\/4680"}],"wp:attachment":[{"href":"http:\/\/kmjk.se\/index.php?rest_route=%2Fwp%2Fv2%2Fmedia&parent=5437"}],"curies":[{"name":"wp","href":"https:\/\/api.w.org\/{rel}","templated":true}]}}