{"id":6854,"date":"2007-08-19T20:10:20","date_gmt":"2007-08-19T18:40:20","guid":{"rendered":"http:\/\/www.kmjk.se\/?page_id=7"},"modified":"2026-03-18T16:18:33","modified_gmt":"2026-03-18T14:18:33","slug":"aktiviteter","status":"publish","type":"page","link":"https:\/\/kmjk.se\/?page_id=6854","title":{"rendered":"Aktiviteter"},"content":{"rendered":"<table style=\"height: 1427px;\" border=\"0\" width=\"641\" cellspacing=\"0\" cellpadding=\"0\"><colgroup> <col span=\"2\" width=\"64\"> <col width=\"154\"> <col width=\"64\"> <col width=\"66\"> <col width=\"154\"><\/colgroup>\n<tbody>\n<tr>\n<td width=\"64\" height=\"21\">&nbsp;<\/td>\n<td width=\"64\">&nbsp;<\/td>\n<td width=\"154\">&nbsp;<\/td>\n<td width=\"64\">&nbsp;<\/td>\n<td width=\"66\">&nbsp;<\/td>\n<td width=\"154\">&nbsp;<\/td>\n<\/tr>\n<tr>\n<td height=\"26\">&nbsp;<\/td>\n<td>&nbsp;<\/td>\n<td style=\"text-align: center;\" colspan=\"3\">\n<p><strong>Aktivitetsschema f\u00f6r v\u00e5ren 2026&nbsp;<\/strong><\/p>\n<p>Datum med <span style=\"color: #0000ff;\"><strong><em>kursiv&nbsp;text<\/em><\/strong> <\/span>kan vi inte garantera att n\u00e5gon finns p\u00e5 plats i klubblokalen.&nbsp;<\/p>\n<\/td>\n<td>&nbsp;<\/td>\n<\/tr>\n<tr>\n<td height=\"21\">&nbsp;<\/td>\n<td>&nbsp;<\/td>\n<td><strong>januari<\/strong><\/td>\n<td>&nbsp;<\/td>\n<td>&nbsp;<\/td>\n<td><strong>april<\/strong><\/td>\n<\/tr>\n<tr>\n<td height=\"21\">l\u00f6r 10<\/td>\n<td>kl 14-16<\/td>\n<td>terminstart arbetsdag<\/td>\n<td>l\u00f6r 4<\/td>\n<td>&nbsp;<\/td>\n<td><em>p\u00e5skafton<\/em><\/td>\n<\/tr>\n<tr>\n<td height=\"20\">tis 13<\/td>\n<td>kl 18-20<\/td>\n<td>arbetskv\u00e4ll<\/td>\n<td>tis 7<\/td>\n<td>kl 18-20<\/td>\n<td>arbetskv\u00e4ll<\/td>\n<\/tr>\n<tr>\n<td height=\"20\">l\u00f6r 17<\/td>\n<td>kl 14-16<\/td>\n<td>arbetsdag<\/td>\n<td>l\u00f6r 11<\/td>\n<td>kl 14-16<\/td>\n<td>k\u00f6rning modernt klarerare<\/td>\n<\/tr>\n<tr>\n<td height=\"20\">tis 20<\/td>\n<td>kl 18-20<\/td>\n<td>arbetskv\u00e4ll<\/td>\n<td>tis 14<\/td>\n<td>kl 18-20<\/td>\n<td>arbetskv\u00e4ll<\/td>\n<\/tr>\n<tr>\n<td height=\"20\">l\u00f6r 24<\/td>\n<td>kl 14-16<\/td>\n<td>arbetsdag<\/td>\n<td>l\u00f6r 18<\/td>\n<td>kl 14-16<\/td>\n<td>arbetsdag<\/td>\n<\/tr>\n<tr>\n<td height=\"20\">tis 27<\/td>\n<td>kl18-20<\/td>\n<td>arbetskv\u00e4ll<\/td>\n<td>tis 21<\/td>\n<td>kl 18-20<\/td>\n<td>arbetskv\u00e4ll<\/td>\n<\/tr>\n<tr>\n<td height=\"20\">l\u00f6r 31<\/td>\n<td>kl 14-16<\/td>\n<td>arbetsdag<\/td>\n<td>l\u00f6r 25<\/td>\n<td>kl 14-16<\/td>\n<td>Tema (uppdateras)<\/td>\n<\/tr>\n<tr>\n<td height=\"20\">&nbsp;<\/td>\n<td>&nbsp;<\/td>\n<td>&nbsp;<\/td>\n<td>tis 28<\/td>\n<td>kl 18-20<\/td>\n<td>arbetskv\u00e4ll<\/td>\n<\/tr>\n<tr>\n<td height=\"20\">&nbsp;<\/td>\n<td>&nbsp;<\/td>\n<td><strong>februari<\/strong><\/td>\n<td>&nbsp;<\/td>\n<td>&nbsp;<\/td>\n<td>&nbsp;<\/td>\n<\/tr>\n<tr>\n<td height=\"21\">tis 3<\/td>\n<td>kl 18-20<\/td>\n<td>arbetskv\u00e4ll<\/td>\n<td>&nbsp;<\/td>\n<td>&nbsp;<\/td>\n<td><strong>maj<\/strong><\/td>\n<\/tr>\n<tr>\n<td height=\"21\">l\u00f6r 7<\/td>\n<td>kl 14-16<\/td>\n<td>k\u00f6rning klarerare 60-tal<\/td>\n<td>l\u00f6r 2<\/td>\n<td>kl 14-16<\/td>\n<td>arbetsdag<\/td>\n<\/tr>\n<tr>\n<td height=\"20\">tis 10<\/td>\n<td>kl 18-20<\/td>\n<td>arbetskv\u00e4ll<\/td>\n<td>tis 5<\/td>\n<td>kl 18-20<\/td>\n<td>arbetskv\u00e4ll<\/td>\n<\/tr>\n<tr>\n<td height=\"20\">l\u00f6r 14<\/td>\n<td>kl 14-16<\/td>\n<td>arbetsdag<\/td>\n<td>l\u00f6r 9<\/td>\n<td>kl 14-16<\/td>\n<td>k\u00f6rning 60-70-tal klarerare<\/td>\n<\/tr>\n<tr>\n<td height=\"20\">tis 17<\/td>\n<td>kl 18-20<\/td>\n<td>arbetskv\u00e4ll<\/td>\n<td>tis 12<\/td>\n<td>kl 18-20<\/td>\n<td>arbetskv\u00e4ll<\/td>\n<\/tr>\n<tr>\n<td height=\"20\">l\u00f6r 23<\/td>\n<td>kl 14-16<\/td>\n<td>tema trafikspel<\/td>\n<td>l\u00f6r 16<\/td>\n<td>kl 14-16<\/td>\n<td>arbetsdag<\/td>\n<\/tr>\n<tr>\n<td height=\"20\">tis 24<\/td>\n<td>kl 18-20<\/td>\n<td>arbetskv\u00e4ll<\/td>\n<td>tis 19<\/td>\n<td>kl 18-20&nbsp;<\/td>\n<td>arbetskv\u00e4ll<\/td>\n<\/tr>\n<tr>\n<td height=\"20\">l\u00f6r 28<\/td>\n<td>kl 14-16<\/td>\n<td>\u00e5rsm\u00f6te (anm\u00e4l deltagande)<\/td>\n<td>l\u00f6r 23<\/td>\n<td>kl 14-16<\/td>\n<td>Tema (uppdateras)<\/td>\n<\/tr>\n<tr>\n<td height=\"20\">&nbsp;<\/td>\n<td>&nbsp;<\/td>\n<td>&nbsp;<\/td>\n<td>tis 26<\/td>\n<td>kl 18-20<\/td>\n<td>arbetskv\u00e4ll<\/td>\n<\/tr>\n<tr>\n<td height=\"20\">&nbsp;<\/td>\n<td>&nbsp;<\/td>\n<td><strong>mars<\/strong><\/td>\n<td>l\u00f6r 30<\/td>\n<td>kl 14-16<\/td>\n<td>arbetsdag<\/td>\n<\/tr>\n<tr>\n<td height=\"20\">tis 3<\/td>\n<td>kl 18-20<\/td>\n<td>arbetskv\u00e4ll<\/td>\n<td>&nbsp;<\/td>\n<td>&nbsp;<\/td>\n<td>&nbsp;<\/td>\n<\/tr>\n<tr>\n<td height=\"21\">l\u00f6r 7<\/td>\n<td>kl 14-16<\/td>\n<td>k\u00f6rning 70-80-tal klarerare<\/td>\n<td>&nbsp;<\/td>\n<td>&nbsp;<\/td>\n<td><strong>juni<\/strong><\/td>\n<\/tr>\n<tr>\n<td height=\"21\">tis 10<\/td>\n<td>kl 18-20<\/td>\n<td>arbetskv\u00e4ll<\/td>\n<td>tis 2<\/td>\n<td>kl 18-20<\/td>\n<td>arbetsdag<\/td>\n<\/tr>\n<tr>\n<td height=\"20\">l\u00f6r 14<\/td>\n<td>&nbsp;<\/td>\n<td><em>MJ-m\u00f6te Sydost R\u00f6deby<\/em><\/td>\n<td>l\u00f6r 6<\/td>\n<td>kl 14-16<\/td>\n<td>arbetsdag<\/td>\n<\/tr>\n<tr>\n<td height=\"20\">tis 17<\/td>\n<td>kl 18-20<\/td>\n<td>arbetskv\u00e4ll<\/td>\n<td>tis 9<\/td>\n<td>kl 18-20<\/td>\n<td>arbetskv\u00e4ll<\/td>\n<\/tr>\n<tr>\n<td height=\"20\">l\u00f6r 21<\/td>\n<td>kl 14-16<\/td>\n<td>arbetsdag<\/td>\n<td>l\u00f6r 13<\/td>\n<td>&nbsp;<\/td>\n<td><em>Bankalaset i Sk\u00f6vde<\/em><\/td>\n<\/tr>\n<tr>\n<td height=\"20\">tis 24<\/td>\n<td>kl 18-20<\/td>\n<td>arbetskv\u00e4ll<\/td>\n<td>&nbsp;<\/td>\n<td>&nbsp;<\/td>\n<td>&nbsp;<\/td>\n<\/tr>\n<tr>\n<td height=\"20\">l\u00f6r 28<\/td>\n<td>kl 14-16<\/td>\n<td>arbetsdag<\/td>\n<td>&nbsp;<\/td>\n<td>&nbsp;<\/td>\n<td>&nbsp;<\/td>\n<\/tr>\n<tr>\n<td height=\"20\">tis 31<\/td>\n<td>kl 18-20<\/td>\n<td>arbetsdag<\/td>\n<td>&nbsp;<\/td>\n<td>&nbsp;<\/td>\n<td>&nbsp;<\/td>\n<\/tr>\n<tr>\n<td height=\"20\">&nbsp;<\/td>\n<td>&nbsp;<\/td>\n<td>&nbsp;<\/td>\n<td>&nbsp;<\/td>\n<td>&nbsp;<\/td>\n<td>&nbsp;<\/td>\n<\/tr>\n<tr>\n<td height=\"20\">&nbsp;<\/td>\n<td>&nbsp;<\/td>\n<td>&nbsp;<\/td>\n<td>&nbsp;<\/td>\n<td>&nbsp;<\/td>\n<td>&nbsp;<\/td>\n<\/tr>\n<tr>\n<td height=\"20\">&nbsp;<\/td>\n<td>&nbsp;<\/td>\n<td>&nbsp;<\/td>\n<td>&nbsp;<\/td>\n<td>&nbsp;<\/td>\n<td>&nbsp;<\/td>\n<\/tr>\n<tr>\n<td height=\"20\">&nbsp;<\/td>\n<td>&nbsp;<\/td>\n<td>&nbsp;<\/td>\n<td>&nbsp;<\/td>\n<td>&nbsp;<\/td>\n<td>&nbsp;<\/td>\n<\/tr>\n<tr>\n<td height=\"20\">&nbsp;<\/td>\n<td>&nbsp;<\/td>\n<td>&nbsp;<\/td>\n<td>&nbsp;<\/td>\n<td>&nbsp;<\/td>\n<td width=\"154\">&nbsp;<\/td>\n<\/tr>\n<tr>\n<td height=\"20\">&nbsp;<\/td>\n<td>&nbsp;<\/td>\n<td>&nbsp;<\/td>\n<td>&nbsp;<\/td>\n<td>&nbsp;<\/td>\n<td width=\"154\">&nbsp;<\/td>\n<\/tr>\n<tr>\n<td height=\"20\">&nbsp;<\/td>\n<td colspan=\"4\">&nbsp;<\/td>\n<td width=\"154\">&nbsp;<\/td>\n<\/tr>\n<tr>\n<td height=\"20\">&nbsp;<\/td>\n<td colspan=\"3\">Klubblokal: St\u00e5th\u00e5llaregatan 60 A, Kalmar<\/td>\n<td>&nbsp;<\/td>\n<td>&nbsp;<\/td>\n<\/tr>\n<tr>\n<td height=\"20\">&nbsp;<\/td>\n<td colspan=\"3\">Webbadress: kmjk.se<\/td>\n<td>&nbsp;<\/td>\n<td>&nbsp;<\/td>\n<\/tr>\n<tr>\n<td height=\"20\">&nbsp;<\/td>\n<td>&nbsp;<\/td>\n<td>&nbsp;<\/td>\n<td>&nbsp;<\/td>\n<td>&nbsp;<\/td>\n<td>&nbsp;<\/td>\n<\/tr>\n<tr>\n<td height=\"20\">&nbsp;<\/td>\n<td colspan=\"5\">Datum med <span style=\"color: #0000ff;\"><strong><em>kursiv&nbsp;text<\/em><\/strong> <\/span>kan vi inte garantera att n\u00e5gon finns p\u00e5 plats i klubblokalen.&nbsp;<\/td>\n<\/tr>\n<tr>\n<td height=\"20\">&nbsp;<\/td>\n<td colspan=\"5\">&nbsp;<\/td>\n<\/tr>\n<tr>\n<td height=\"20\">&nbsp;<\/td>\n<td colspan=\"2\">&nbsp;<\/td>\n<td>&nbsp;<\/td>\n<td>&nbsp;<\/td>\n<td>&nbsp;<\/td>\n<\/tr>\n<tr>\n<td height=\"20\">&nbsp;<\/td>\n<td>&nbsp;<\/td>\n<td>&nbsp;<\/td>\n<td>&nbsp;<\/td>\n<td>&nbsp;<\/td>\n<td>&nbsp;<\/td>\n<\/tr>\n<tr>\n<td height=\"24\">&nbsp;<\/td>\n<td>&nbsp;<\/td>\n<td>&nbsp;<\/td>\n<td colspan=\"2\">V\u00e4lkomna !<\/td>\n<td>&nbsp;<\/td>\n<\/tr>\n<tr>\n<td height=\"20\">&nbsp;<\/td>\n<td>&nbsp;<\/td>\n<td>&nbsp;<\/td>\n<td>&nbsp;<\/td>\n<td>&nbsp;<\/td>\n<td>&nbsp;<\/td>\n<\/tr>\n<\/tbody>\n<\/table>\n\n\n<div class=\"wp-block-group\"><div class=\"wp-block-group__inner-container is-layout-constrained wp-block-group-is-layout-constrained\"><\/div><\/div>\n\n\n\n<div class=\"wp-block-uagb-container uagb-block-6b39fb11 default uagb-is-root-container\"><\/div>\n\n\n\n<p><\/p>\n","protected":false},"excerpt":{"rendered":"<div class=\"mh-excerpt\"><p>&nbsp; &nbsp; &nbsp; &nbsp; &nbsp; &nbsp; &nbsp; &nbsp; Aktivitetsschema f\u00f6r v\u00e5ren 2026&nbsp; Datum med kursiv&nbsp;text kan vi inte garantera att n\u00e5gon finns p\u00e5 plats i klubblokalen.&nbsp; &nbsp; &nbsp; &nbsp; januari &nbsp; &nbsp; april l\u00f6r 10 kl 14-16 terminstart arbetsdag l\u00f6r 4 &nbsp; p\u00e5skafton tis 13 kl 18-20 arbetskv\u00e4ll tis 7 kl 18-20 arbetskv\u00e4ll l\u00f6r 17 kl 14-16 arbetsdag l\u00f6r 11 kl 14-16 k\u00f6rning modernt klarerare tis 20 kl 18-20 arbetskv\u00e4ll tis 14 kl 18-20 arbetskv\u00e4ll l\u00f6r 24 kl 14-16 arbetsdag l\u00f6r 18 kl 14-16 arbetsdag tis 27 kl18-20 arbetskv\u00e4ll tis 21 kl 18-20 arbetskv\u00e4ll l\u00f6r 31 kl 14-16 arbetsdag l\u00f6r 25 kl 14-16 Tema (uppdateras) &nbsp; &nbsp; &nbsp; tis 28 kl 18-20 arbetskv\u00e4ll &nbsp; &nbsp; februari &nbsp; &nbsp; &nbsp; tis 3 kl 18-20 arbetskv\u00e4ll &nbsp; &nbsp; maj l\u00f6r 7 kl 14-16 k\u00f6rning klarerare 60-tal l\u00f6r 2 kl 14-16 arbetsdag tis 10 kl 18-20 arbetskv\u00e4ll tis 5 kl 18-20 arbetskv\u00e4ll l\u00f6r 14 kl 14-16 arbetsdag l\u00f6r 9 kl 14-16 k\u00f6rning 60-70-tal klarerare tis 17 kl 18-20 arbetskv\u00e4ll tis 12 kl 18-20 arbetskv\u00e4ll l\u00f6r 23 kl 14-16 tema trafikspel l\u00f6r 16 kl 14-16 arbetsdag tis 24 kl 18-20 arbetskv\u00e4ll tis 19 kl 18-20&nbsp; arbetskv\u00e4ll l\u00f6r 28 kl 14-16 \u00e5rsm\u00f6te (anm\u00e4l deltagande) l\u00f6r 23 kl 14-16 Tema (uppdateras) &nbsp; &nbsp; &nbsp; tis 26 kl 18-20 arbetskv\u00e4ll &nbsp; &nbsp; mars l\u00f6r 30 kl 14-16 arbetsdag tis 3 kl 18-20 arbetskv\u00e4ll &nbsp; &nbsp; &nbsp; l\u00f6r 7 kl 14-16 k\u00f6rning 70-80-tal klarerare &nbsp; &nbsp; juni tis 10 kl 18-20 arbetskv\u00e4ll tis 2 kl 18-20 arbetsdag l\u00f6r 14 &nbsp; MJ-m\u00f6te Sydost R\u00f6deby l\u00f6r 6 kl 14-16 arbetsdag tis 17 kl 18-20 arbetskv\u00e4ll tis 9 kl 18-20 arbetskv\u00e4ll l\u00f6r 21 kl 14-16 arbetsdag l\u00f6r 13 &nbsp; Bankalaset i Sk\u00f6vde tis 24 kl 18-20 arbetskv\u00e4ll &nbsp; &nbsp; &nbsp; l\u00f6r 28 kl 14-16 arbetsdag &nbsp; &nbsp; &nbsp; tis 31 kl 18-20 arbetsdag &nbsp; &nbsp; &nbsp; &nbsp; &nbsp; &nbsp; &nbsp; &nbsp; &nbsp; &nbsp; &nbsp; &nbsp; &nbsp; &nbsp; &nbsp; &nbsp; &nbsp; &nbsp; &nbsp; &nbsp; &nbsp; &nbsp; &nbsp; &nbsp; &nbsp; &nbsp; &nbsp; &nbsp; &nbsp; &nbsp; &nbsp; &nbsp; &nbsp; &nbsp; &nbsp; &nbsp; &nbsp; &nbsp; &nbsp; &nbsp; &nbsp; &nbsp; &nbsp; Klubblokal: St\u00e5th\u00e5llaregatan 60 A, Kalmar &nbsp; &nbsp; &nbsp; Webbadress: kmjk.se &nbsp; &nbsp; &nbsp; &nbsp; &nbsp; &nbsp; &nbsp; &nbsp; &nbsp; Datum med kursiv&nbsp;text kan vi inte garantera att n\u00e5gon finns p\u00e5 plats i klubblokalen.&nbsp; &nbsp; &nbsp; &nbsp; &nbsp; &nbsp; &nbsp; &nbsp; &nbsp; &nbsp; &nbsp; &nbsp; &nbsp; &nbsp; &nbsp; &nbsp; &nbsp; V\u00e4lkomna ! &nbsp; &nbsp; &nbsp; &nbsp; &nbsp; &nbsp; &nbsp;<\/p>\n<\/div>","protected":false},"author":1,"featured_media":0,"parent":0,"menu_order":0,"comment_status":"closed","ping_status":"closed","template":"template-full.php","meta":{"_uag_custom_page_level_css":"","ngg_post_thumbnail":0,"footnotes":""},"class_list":["post-6854","page","type-page","status-publish","hentry"],"uagb_featured_image_src":{"full":false,"thumbnail":false,"medium":false,"medium_large":false,"large":false,"1536x1536":false,"2048x2048":false,"mh-magazine-lite-slider":false,"mh-magazine-lite-content":false,"mh-magazine-lite-large":false,"mh-magazine-lite-medium":false,"mh-magazine-lite-small":false},"uagb_author_info":{"display_name":"Webmaster KMJK","author_link":"https:\/\/kmjk.se\/?author=1"},"uagb_comment_info":0,"uagb_excerpt":"&nbsp; &nbsp; &nbsp; &nbsp; &nbsp; &nbsp; &nbsp; &nbsp; Aktivitetsschema f\u00f6r v\u00e5ren 2026&nbsp; Datum med kursiv&nbsp;text kan vi inte garantera att n\u00e5gon finns p\u00e5 plats i klubblokalen.&nbsp; &nbsp; &nbsp; &nbsp; januari &nbsp; &nbsp; april l\u00f6r 10 kl 14-16 terminstart arbetsdag l\u00f6r 4 &nbsp; p\u00e5skafton tis 13 kl 18-20 arbetskv\u00e4ll tis 7 kl 18-20 arbetskv\u00e4ll l\u00f6r 17&hellip;","_links":{"self":[{"href":"https:\/\/kmjk.se\/index.php?rest_route=\/wp\/v2\/pages\/6854","targetHints":{"allow":["GET"]}}],"collection":[{"href":"https:\/\/kmjk.se\/index.php?rest_route=\/wp\/v2\/pages"}],"about":[{"href":"https:\/\/kmjk.se\/index.php?rest_route=\/wp\/v2\/types\/page"}],"author":[{"embeddable":true,"href":"https:\/\/kmjk.se\/index.php?rest_route=\/wp\/v2\/users\/1"}],"replies":[{"embeddable":true,"href":"https:\/\/kmjk.se\/index.php?rest_route=%2Fwp%2Fv2%2Fcomments&post=6854"}],"version-history":[{"count":103,"href":"https:\/\/kmjk.se\/index.php?rest_route=\/wp\/v2\/pages\/6854\/revisions"}],"predecessor-version":[{"id":8692,"href":"https:\/\/kmjk.se\/index.php?rest_route=\/wp\/v2\/pages\/6854\/revisions\/8692"}],"wp:attachment":[{"href":"https:\/\/kmjk.se\/index.php?rest_route=%2Fwp%2Fv2%2Fmedia&parent=6854"}],"curies":[{"name":"wp","href":"https:\/\/api.w.org\/{rel}","templated":true}]}}