{"id":6855,"date":"2007-08-19T20:11:30","date_gmt":"2007-08-19T18:41:30","guid":{"rendered":"http:\/\/www.kmjk.se\/?page_id=8"},"modified":"2026-01-02T09:49:18","modified_gmt":"2026-01-02T07:49:18","slug":"medlemsinfo","status":"publish","type":"page","link":"https:\/\/kmjk.se\/?page_id=6855","title":{"rendered":"Bli medlem"},"content":{"rendered":"<p>Kalmar Modellj\u00e4rnv\u00e4gsklubb \u00e4r en opolitiskt f\u00f6rening med m\u00e5let att driva och bygga en modellj\u00e4rnv\u00e4g i skala H0 &#8211; 1:87. F\u00f6rebilderna h\u00e4mtars fr\u00e5n n\u00e4romr\u00e5den och ska efterlikna svenskt 50\/60-tal. Gillar du att bygga och prata om modellj\u00e4rnv\u00e4g, vill vi g\u00e4rna ha dig som medlem hos oss. Som medlem i Kalmar Modellj\u00e4rnv\u00e4gsklubb har du 10 % rabatt hos Pervald MJ&nbsp;samt&nbsp;p\u00e5 alla husmodeller som tas fram inom klubben (de som finns p\u00e5 v\u00e5r hemsida).<br \/>\nVi har en minimum\u00e5lder p\u00e5 12 \u00e5r f\u00f6r att kunna bli medlem hos oss. \u00c4r du \u00e4nnu inte 12 \u00e5r, kom och bes\u00f6k oss och visa ditt intresse! Personlig l\u00e4mplighet och kunskap g\u00e5r f\u00f6re \u00e5lder.<\/p>\n<p>Vi har 4 olika medlems kategorier, <em>Junior, senior, familjemedlemskap och st\u00f6dmedlem<\/em>. Junior \u00e4r du till och med det \u00e5ret du fyller 25 \u00e5r. St\u00f6dmedlem passar bra f\u00f6r dig som vill vara medlem men inte har tid eller m\u00f6jlighet att bes\u00f6ka klubben regelbundet.<\/p>\n<p>Medlemsavgifterna \u00e4r : Junior 150 kr, Senior 500 kr, familjemedlemskap 700 kr och st\u00f6dmedlem 250 kr.<\/p>\n<p>Du kan v\u00e4lja att betala senior medlemsavgifter per halv \u00e5r ocks\u00e5, dvs. 250 kr\/per 6 m\u00e5n.<\/p>\n<p>Medlemsavgiften ska betalas in p\u00e5 Bankgiro<strong> 5190-1593, <\/strong>alt. Swish<strong>&nbsp;123 525 12 28.<\/strong><\/p>\n<p><strong>OBS! <\/strong>Skriv ditt namn, s\u00e5 kass\u00f6ren vet vem som betalat.<\/p>\n<p>Medlemsavgiften ska vara betald senast den siste februari. Vid utebliven avgift fr\u00e5n medlem kommer en p\u00e5minnelse om att du inte har betalat. Medlemskap hos oss upph\u00f6r n\u00e4r medlemsavgiften inte betalts in strax efter att p\u00e5minnelse skickats ut.&nbsp;<\/p>\n","protected":false},"excerpt":{"rendered":"<div class=\"mh-excerpt\"><p>Kalmar Modellj\u00e4rnv\u00e4gsklubb \u00e4r en opolitiskt f\u00f6rening med m\u00e5let att driva och bygga en modellj\u00e4rnv\u00e4g i skala H0 &#8211; 1:87. F\u00f6rebilderna h\u00e4mtars fr\u00e5n n\u00e4romr\u00e5den och ska efterlikna svenskt 50\/60-tal. Gillar du att bygga och prata om modellj\u00e4rnv\u00e4g, vill vi g\u00e4rna ha dig som medlem hos oss. Som medlem i Kalmar Modellj\u00e4rnv\u00e4gsklubb har du 10 % rabatt hos Pervald MJ&nbsp;samt&nbsp;p\u00e5 alla husmodeller som tas fram inom klubben (de som finns p\u00e5 v\u00e5r hemsida). Vi har en minimum\u00e5lder p\u00e5 12 \u00e5r f\u00f6r att kunna bli medlem hos oss. \u00c4r du \u00e4nnu inte 12 \u00e5r, kom och bes\u00f6k oss och visa ditt intresse! Personlig l\u00e4mplighet och kunskap g\u00e5r f\u00f6re \u00e5lder. Vi har 4 olika medlems kategorier, Junior, senior, familjemedlemskap och st\u00f6dmedlem. Junior \u00e4r du till och med det \u00e5ret du fyller 25 \u00e5r. St\u00f6dmedlem passar bra f\u00f6r dig som vill vara medlem men inte har tid eller m\u00f6jlighet att bes\u00f6ka klubben regelbundet. Medlemsavgifterna \u00e4r : Junior 150 kr, Senior 500 kr, familjemedlemskap 700 kr och st\u00f6dmedlem 250 kr. Du kan v\u00e4lja att betala senior medlemsavgifter per halv \u00e5r ocks\u00e5, dvs. 250 kr\/per 6 m\u00e5n. Medlemsavgiften ska betalas in p\u00e5 Bankgiro 5190-1593, alt. Swish&nbsp;123 525 12 28. OBS! Skriv ditt namn, s\u00e5 kass\u00f6ren vet vem som betalat. Medlemsavgiften ska vara betald senast den siste februari. Vid utebliven avgift fr\u00e5n medlem kommer en p\u00e5minnelse om att du inte har betalat. Medlemskap hos oss upph\u00f6r n\u00e4r medlemsavgiften inte betalts in strax efter att p\u00e5minnelse skickats ut.&nbsp;<\/p>\n<\/div>","protected":false},"author":1,"featured_media":0,"parent":0,"menu_order":0,"comment_status":"closed","ping_status":"closed","template":"template-full.php","meta":{"_uag_custom_page_level_css":"","ngg_post_thumbnail":0,"footnotes":""},"class_list":["post-6855","page","type-page","status-publish","hentry"],"uagb_featured_image_src":{"full":false,"thumbnail":false,"medium":false,"medium_large":false,"large":false,"1536x1536":false,"2048x2048":false,"mh-magazine-lite-slider":false,"mh-magazine-lite-content":false,"mh-magazine-lite-large":false,"mh-magazine-lite-medium":false,"mh-magazine-lite-small":false},"uagb_author_info":{"display_name":"Webmaster KMJK","author_link":"https:\/\/kmjk.se\/?author=1"},"uagb_comment_info":0,"uagb_excerpt":"Kalmar Modellj\u00e4rnv\u00e4gsklubb \u00e4r en opolitiskt f\u00f6rening med m\u00e5let att driva och bygga en modellj\u00e4rnv\u00e4g i skala H0 &#8211; 1:87. F\u00f6rebilderna h\u00e4mtars fr\u00e5n n\u00e4romr\u00e5den och ska efterlikna svenskt 50\/60-tal. Gillar du att bygga och prata om modellj\u00e4rnv\u00e4g, vill vi g\u00e4rna ha dig som medlem hos oss. Som medlem i Kalmar Modellj\u00e4rnv\u00e4gsklubb har du 10 % rabatt&hellip;","_links":{"self":[{"href":"https:\/\/kmjk.se\/index.php?rest_route=\/wp\/v2\/pages\/6855","targetHints":{"allow":["GET"]}}],"collection":[{"href":"https:\/\/kmjk.se\/index.php?rest_route=\/wp\/v2\/pages"}],"about":[{"href":"https:\/\/kmjk.se\/index.php?rest_route=\/wp\/v2\/types\/page"}],"author":[{"embeddable":true,"href":"https:\/\/kmjk.se\/index.php?rest_route=\/wp\/v2\/users\/1"}],"replies":[{"embeddable":true,"href":"https:\/\/kmjk.se\/index.php?rest_route=%2Fwp%2Fv2%2Fcomments&post=6855"}],"version-history":[{"count":10,"href":"https:\/\/kmjk.se\/index.php?rest_route=\/wp\/v2\/pages\/6855\/revisions"}],"predecessor-version":[{"id":8665,"href":"https:\/\/kmjk.se\/index.php?rest_route=\/wp\/v2\/pages\/6855\/revisions\/8665"}],"wp:attachment":[{"href":"https:\/\/kmjk.se\/index.php?rest_route=%2Fwp%2Fv2%2Fmedia&parent=6855"}],"curies":[{"name":"wp","href":"https:\/\/api.w.org\/{rel}","templated":true}]}}